{"id":2,"date":"2017-01-07T00:03:03","date_gmt":"2017-01-07T00:03:03","guid":{"rendered":"http:\/\/glinicke-siedlung.de\/cms\/?page_id=2"},"modified":"2017-01-07T21:12:17","modified_gmt":"2017-01-07T20:12:17","slug":"sample-page","status":"publish","type":"page","link":"https:\/\/glinicke-siedlung.de\/cms\/","title":{"rendered":"Startseite"},"content":{"rendered":"<div id=\"pl-2\"  class=\"panel-layout\" ><div id=\"pg-2-0\"  class=\"panel-grid panel-has-style\" ><div style=\"background-color: #036602; \" class=\"panel-row-style panel-row-style-for-2-0\" ><div id=\"pgc-2-0-0\"  class=\"panel-grid-cell\" ><div id=\"panel-2-0-0-0\" class=\"so-panel widget widget_headline-widget panel-first-child panel-last-child\" data-index=\"0\" >\t\t<h1>Franz Glinicke Siedlung<\/h1>\n\t\t<div class=\"decoration\"><div class=\"decoration-inside\"><\/div><\/div>\n\t\t<h3><\/h3>\n\t\t<\/div><\/div><\/div><\/div><div id=\"pg-2-1\"  class=\"panel-grid panel-no-style\" ><div id=\"pgc-2-1-0\"  class=\"panel-grid-cell\" ><div id=\"panel-2-1-0-0\" class=\"so-panel widget widget_sow-image panel-first-child panel-last-child\" data-index=\"1\" ><div\n\t\t\t\n\t\t\tclass=\"so-widget-sow-image so-widget-sow-image-default-17bc2272b535-2\"\n\t\t\t\n\t\t>\n\n<div class=\"sow-image-container\">\n\t\t<img src=\"https:\/\/glinicke-siedlung.de\/cms\/wp-content\/uploads\/2017\/01\/Bild-Glinicke-Siedlung-768x450.jpg\" width=\"720\" height=\"422\" srcset=\"https:\/\/glinicke-siedlung.de\/cms\/wp-content\/uploads\/2017\/01\/Bild-Glinicke-Siedlung-768x450.jpg 768w, https:\/\/glinicke-siedlung.de\/cms\/wp-content\/uploads\/2017\/01\/Bild-Glinicke-Siedlung-300x176.jpg 300w, https:\/\/glinicke-siedlung.de\/cms\/wp-content\/uploads\/2017\/01\/Bild-Glinicke-Siedlung-1024x600.jpg 1024w, https:\/\/glinicke-siedlung.de\/cms\/wp-content\/uploads\/2017\/01\/Bild-Glinicke-Siedlung.jpg 1500w\" sizes=\"(max-width: 720px) 100vw, 720px\" title=\"Bild Glinicke Siedlung\" alt=\"\" loading=\"lazy\" \t\tclass=\"so-widget-image\"\/>\n\t<\/div>\n\n<\/div><\/div><\/div><div id=\"pgc-2-1-1\"  class=\"panel-grid-cell\" ><div id=\"panel-2-1-1-0\" class=\"so-panel widget widget_sow-editor panel-first-child panel-last-child\" data-index=\"2\" ><div\n\t\t\t\n\t\t\tclass=\"so-widget-sow-editor so-widget-sow-editor-base\"\n\t\t\t\n\t\t>\n<div class=\"siteorigin-widget-tinymce textwidget\">\n\t<h6 style=\"text-align: left;\">Die 75 Jahre alte Franz Glinicke Siedlung in Dresden Leuben wurde im Jahre 1996 in Zusammenarbeit mit dem Denkmalamt liebevoll und aufwendig saniert.<\/p>\n<p>Sie besteht aus ca. 180 Wohneinheiten in den verschiedensten Gr\u00f6\u00dfen.<\/p>\n<p>Der gr\u00fcne Innenhof ist durch seine kleinen G\u00e4rten, welche vom Mieter gegen ein sehr geringes Entgelt genutzt werden k\u00f6nnen, eine Oase zum Entspannen.<\/h6>\n<\/div>\n<\/div><\/div><\/div><div id=\"pgc-2-1-2\"  class=\"panel-grid-cell\" ><div id=\"panel-2-1-2-0\" class=\"so-panel widget widget_text panel-first-child panel-last-child\" data-index=\"3\" >\t\t\t<div class=\"textwidget\"><div role=\"form\" class=\"wpcf7\" id=\"wpcf7-f19-o1\" lang=\"de-DE\" dir=\"ltr\">\n<div class=\"screen-reader-response\"><p role=\"status\" aria-live=\"polite\" aria-atomic=\"true\"><\/p> <ul><\/ul><\/div>\n<form action=\"\/cms\/wp-json\/wp\/v2\/pages\/2#wpcf7-f19-o1\" method=\"post\" class=\"wpcf7-form init\" novalidate=\"novalidate\" data-status=\"init\">\n<div style=\"display: none;\">\n<input type=\"hidden\" name=\"_wpcf7\" value=\"19\" \/>\n<input type=\"hidden\" name=\"_wpcf7_version\" value=\"5.6.4\" \/>\n<input type=\"hidden\" name=\"_wpcf7_locale\" value=\"de_DE\" \/>\n<input type=\"hidden\" name=\"_wpcf7_unit_tag\" value=\"wpcf7-f19-o1\" \/>\n<input type=\"hidden\" name=\"_wpcf7_container_post\" value=\"0\" \/>\n<input type=\"hidden\" name=\"_wpcf7_posted_data_hash\" value=\"\" \/>\n<\/div>\n<p><label> Ihr Name (Pflichtfeld)<br \/>\n    <span class=\"wpcf7-form-control-wrap\" data-name=\"your-name\"><input type=\"text\" name=\"your-name\" value=\"\" size=\"40\" class=\"wpcf7-form-control wpcf7-text wpcf7-validates-as-required\" aria-required=\"true\" aria-invalid=\"false\" \/><\/span> <\/label><\/p>\n<p><label> Ihre E-Mail-Adresse (Pflichtfeld)<br \/>\n    <span class=\"wpcf7-form-control-wrap\" data-name=\"your-email\"><input type=\"email\" name=\"your-email\" value=\"\" size=\"40\" class=\"wpcf7-form-control wpcf7-text wpcf7-email wpcf7-validates-as-required wpcf7-validates-as-email\" aria-required=\"true\" aria-invalid=\"false\" \/><\/span> <\/label><\/p>\n<p><label> Betreff (Pflichtfeld)<br \/>\n    <span class=\"wpcf7-form-control-wrap\" data-name=\"your-subject\"><input type=\"text\" name=\"your-subject\" value=\"\" size=\"40\" class=\"wpcf7-form-control wpcf7-text wpcf7-validates-as-required\" aria-required=\"true\" aria-invalid=\"false\" \/><\/span> <\/label><\/p>\n<p><label> Ihre Nachricht (Pflichtfeld)<br \/>\n    <span class=\"wpcf7-form-control-wrap\" data-name=\"your-message\"><textarea name=\"your-message\" cols=\"40\" rows=\"10\" class=\"wpcf7-form-control wpcf7-textarea wpcf7-validates-as-required\" aria-required=\"true\" aria-invalid=\"false\"><\/textarea><\/span> <\/label><\/p>\n<p>Bitte beantworten Sie folgende Frage:<\/p>\n<p><span class=\"wpcf7-form-control-wrap\" data-name=\"quiz-4711\"><label><span class=\"wpcf7-quiz-label\">8+8=?<\/span> <input type=\"text\" name=\"quiz-4711\" size=\"40\" class=\"wpcf7-form-control wpcf7-quiz quiz\" autocomplete=\"off\" aria-required=\"true\" aria-invalid=\"false\" \/><\/label><input type=\"hidden\" name=\"_wpcf7_quiz_answer_quiz-4711\" value=\"50feaf5a2f881a3a5d615afd038668bd\" \/><\/span><\/p>\n<p><input type=\"submit\" value=\"Senden\" class=\"wpcf7-form-control has-spinner wpcf7-submit\" \/><\/p>\n<div class=\"wpcf7-response-output\" aria-hidden=\"true\"><\/div><\/form><\/div><\/div>\n\t\t<\/div><\/div><\/div><\/div>","protected":false},"excerpt":{"rendered":"<p>Die 75 Jahre alte Franz Glinicke Siedlung in Dresden Leuben wurde im Jahre 1996 in Zusammenarbeit mit dem Denkmalamt liebevoll und aufwendig saniert.Sie besteht aus ca. 180 Wohneinheiten in den verschiedensten Gr\u00f6\u00dfen.Der gr\u00fcne Innenhof ist durch seine kleinen G\u00e4rten, welche vom Mieter gegen ein sehr geringes Entgelt genutzt werden k\u00f6nnen, eine Oase zum Entspannen.<\/p>\n","protected":false},"author":1,"featured_media":0,"parent":0,"menu_order":0,"comment_status":"closed","ping_status":"open","template":"","meta":[],"_links":{"self":[{"href":"https:\/\/glinicke-siedlung.de\/cms\/wp-json\/wp\/v2\/pages\/2"}],"collection":[{"href":"https:\/\/glinicke-siedlung.de\/cms\/wp-json\/wp\/v2\/pages"}],"about":[{"href":"https:\/\/glinicke-siedlung.de\/cms\/wp-json\/wp\/v2\/types\/page"}],"author":[{"embeddable":true,"href":"https:\/\/glinicke-siedlung.de\/cms\/wp-json\/wp\/v2\/users\/1"}],"replies":[{"embeddable":true,"href":"https:\/\/glinicke-siedlung.de\/cms\/wp-json\/wp\/v2\/comments?post=2"}],"version-history":[{"count":10,"href":"https:\/\/glinicke-siedlung.de\/cms\/wp-json\/wp\/v2\/pages\/2\/revisions"}],"predecessor-version":[{"id":28,"href":"https:\/\/glinicke-siedlung.de\/cms\/wp-json\/wp\/v2\/pages\/2\/revisions\/28"}],"wp:attachment":[{"href":"https:\/\/glinicke-siedlung.de\/cms\/wp-json\/wp\/v2\/media?parent=2"}],"curies":[{"name":"wp","href":"https:\/\/api.w.org\/{rel}","templated":true}]}}